
{"id":523,"date":"2025-01-05T00:39:35","date_gmt":"2025-01-05T00:39:35","guid":{"rendered":"https:\/\/dakartrails.com\/app\/?post_type=product&#038;p=523"},"modified":"2026-04-12T10:05:53","modified_gmt":"2026-04-12T10:05:53","slug":"td-trail-decouverte-26-km","status":"publish","type":"product","link":"https:\/\/dakartrails.com\/app\/product\/td-trail-decouverte-26-km\/","title":{"rendered":"Trail D\u00e9couverte &#8211; 22 km"},"content":{"rendered":"<p><span style=\"font-size: 18pt;\"><strong><span style=\"font-family: georgia, palatino, serif; color: #000000;\">Le Trail D\u00e9couverte\u00a0<\/span><\/strong><\/span><\/p>\n<p><span style=\"font-family: georgia, palatino, serif; font-size: 14pt; color: #000000;\"><strong>D\u00e9part et Premi\u00e8res \u00c9tapes<\/strong><br \/>\nLe parcours d\u00e9bute face au Green mangrove, au bord de la lagune de la Somone, o\u00f9 le campement s\u2019est \u00e9rig\u00e9 en point de d\u00e9part. Il longe paisiblement la magnifique lagune de la Somone, offrant aux participants une vue imprenable sur les eaux scintillantes et la faune locale.<\/span><\/p>\n<p><span style=\"font-family: georgia, palatino, serif; font-size: 14pt; color: #000000;\"><strong>Travers\u00e9e de la R\u00e9serve Nationale de Popenguine<\/strong><br \/>\nLa course continue ensuite \u00e0 travers la R\u00e9serve Nationale de Popenguine, une oasis de biodiversit\u00e9 o\u00f9 les trailers pourront admirer une flore et une faune exceptionnelles. C\u2019est ici que les premi\u00e8res difficult\u00e9s apparaissent avec quelques grimpettes plus techniques.<\/span><\/p>\n<p><span style=\"font-family: georgia, palatino, serif; font-size: 14pt; color: #000000;\"><strong>Ascension des Falaises du Cap de Naze<\/strong><br \/>\nL&#8217;itin\u00e9raire m\u00e8ne ensuite \u00e0 l&#8217;ascension des falaises du Cap de Naze, un d\u00e9fi stimulant pour les participants. Les efforts sont r\u00e9compens\u00e9s par des panoramas \u00e0 couper le souffle sur l&#8217;oc\u00e9an Atlantique..<\/span><\/p>\n<p><span style=\"font-family: georgia, palatino, serif; font-size: 14pt; color: #000000;\"><strong>Retour en Douceur<\/strong><br \/>\nApr\u00e8s cette mont\u00e9e, le retour se fait en douceur avec une travers\u00e9e pittoresque du village de Gu\u00e9r\u00e9o, o\u00f9 les trailers peuvent appr\u00e9cier l&#8217;accueil chaleureux des habitants et l&#8217;authenticit\u00e9 du lieu.<\/span><\/p>\n<p><span style=\"font-family: georgia, palatino, serif; font-size: 14pt; color: #000000;\"><strong>Fin du Parcours<\/strong><br \/>\nEnfin, le trail se termine par un retour tranquille \u00e0 la case d\u00e9part, longeant \u00e0 nouveau la lagune de la Somone, permettant aux participants de savourer pleinement l&#8217;exp\u00e9rience et de se rem\u00e9morer les moments forts de cette aventure sportive.<br \/>\nLe Trail D\u00e9couverte est ainsi une parfaite initiation pour les novices, combinant d\u00e9fi physique et d\u00e9couverte naturelle dans un cadre enchanteur.<br \/>\nLe temps maximal du parcours est de 6h15<br \/>\nLa vitesse moyenne minimale de l\u2019\u00e9preuve est de 4 km\/h<br \/>\nLe d\u00e9passement des barri\u00e8res horaires impliquera une mise hors course du participant retardataire.<br \/>\n<\/span><\/p>\n<p><strong><span style=\"font-family: georgia, palatino, serif; font-size: 14pt; color: #000000;\">Le d\u00e9tail de l&#8217;itin\u00e9raire dans le lien ci joint :<\/span><\/strong><\/p>\n<p><span style=\"font-family: georgia, palatino, serif; font-size: 14pt; color: #000000;\"><a href=\"https:\/\/tracedetrail.fr\/fr\/trace\/295387\">https:\/\/tracedetrail.fr\/fr\/trace\/295387<\/a><br \/>\n<\/span><\/p>\n<p><span style=\"font-family: georgia, palatino, serif; font-size: 14pt; color: #000000;\"><strong>Programme<\/strong><br \/>\n\u2022 Samedi 18 avril 07h45 : Rendez-vous au point de d\u00e9part du Trail D\u00e9couverte<br \/>\n\u2022 Samedi 18 avril 08h00 : D\u00e9part du Trail D\u00e9couverte<br \/>\n\u2022 Samedi 18 avril 13h30 : Fermeture du Trail D\u00e9couverte.<br \/>\n<\/span><\/p>\n<p><strong><span style=\"font-family: georgia, palatino, serif; font-size: 14pt; color: #000000;\">Tarif : <\/span><\/strong><\/p>\n<p><span style=\"font-family: georgia, palatino, serif; font-size: 14pt; color: #000000;\">Le prix de la course est de 25000 FCFA sans options.<br \/>\n<strong>Les inscription sur le site :<\/strong><br \/>\nhttps:\/\/dakartrails.com\/<\/span><\/p>\n<p><strong><span style=\"color: #000000; font-size: 14pt; font-family: georgia, palatino, serif;\">Iframe pour Parcours :<\/span><\/strong><br \/>\n<iframe style=\"border: 0; width: 100%; height: 800px;\" src=\"https:\/\/tracedetrail.fr\/fr\/iframe\/6960\" scrolling=\"no\" allowfullscreen=\"allowfullscreen\"><\/iframe><br \/>\n<span style=\"font-family: georgia, palatino, serif; font-size: 14pt; color: #000000;\"><strong>Iframe pour Barri\u00e8re Horaire<\/strong><\/span><br \/>\n<iframe style=\"border: 0; width: 100%; height: 800px;\" src=\"https:\/\/tracedetrail.fr\/fr\/iframe\/8265\" scrolling=\"no\" allowfullscreen=\"allowfullscreen\"><\/iframe><\/p>\n","protected":false},"excerpt":{"rendered":"<p><span style=\"font-family: georgia, palatino, serif; font-size: 14pt; color: #000000;\">Un parcours id\u00e9al pour les novices<br \/>\nLe Trail D\u00e9couverte est une exp\u00e9rience unique et particuli\u00e8rement adapt\u00e9e aux novices cherchant \u00e0 se d\u00e9passer dans un cadre idyllique. Avec une distance l\u00e9g\u00e8rement sup\u00e9rieure \u00e0 celle d&#8217;un semi-marathon, ce trail offre une diversit\u00e9 de terrains qui ajoutent \u00e0 l&#8217;attrait de l&#8217;aventure.<br \/>\n<\/span><\/p>\n","protected":false},"featured_media":1947,"comment_status":"open","ping_status":"closed","template":"","meta":[],"product_brand":[],"product_cat":[16],"product_tag":[],"class_list":{"0":"post-523","1":"product","2":"type-product","3":"status-publish","4":"has-post-thumbnail","6":"product_cat-uncategorized","7":"description-off","9":"first","10":"instock","11":"virtual","12":"sold-individually","13":"purchasable","14":"product-type-simple"},"_links":{"self":[{"href":"https:\/\/dakartrails.com\/app\/wp-json\/wp\/v2\/product\/523","targetHints":{"allow":["GET"]}}],"collection":[{"href":"https:\/\/dakartrails.com\/app\/wp-json\/wp\/v2\/product"}],"about":[{"href":"https:\/\/dakartrails.com\/app\/wp-json\/wp\/v2\/types\/product"}],"replies":[{"embeddable":true,"href":"https:\/\/dakartrails.com\/app\/wp-json\/wp\/v2\/comments?post=523"}],"wp:featuredmedia":[{"embeddable":true,"href":"https:\/\/dakartrails.com\/app\/wp-json\/wp\/v2\/media\/1947"}],"wp:attachment":[{"href":"https:\/\/dakartrails.com\/app\/wp-json\/wp\/v2\/media?parent=523"}],"wp:term":[{"taxonomy":"product_brand","embeddable":true,"href":"https:\/\/dakartrails.com\/app\/wp-json\/wp\/v2\/product_brand?post=523"},{"taxonomy":"product_cat","embeddable":true,"href":"https:\/\/dakartrails.com\/app\/wp-json\/wp\/v2\/product_cat?post=523"},{"taxonomy":"product_tag","embeddable":true,"href":"https:\/\/dakartrails.com\/app\/wp-json\/wp\/v2\/product_tag?post=523"}],"curies":[{"name":"wp","href":"https:\/\/api.w.org\/{rel}","templated":true}]}}